{"id":779,"date":"2021-01-04T10:37:58","date_gmt":"2021-01-04T10:37:58","guid":{"rendered":"https:\/\/ikipele.nl\/product\/ikipele-red\/"},"modified":"2023-01-16T16:44:18","modified_gmt":"2023-01-16T16:44:18","slug":"ikipele-red-2","status":"publish","type":"product","link":"https:\/\/ikipele.nl\/de\/produkt\/ikipele-red-2\/","title":{"rendered":"Ikipele RED"},"content":{"rendered":"<p>&nbsp;<\/p>\n<p><strong>Hallo!<\/strong> Ich bin Ikipele RED. Sch\u00f6n, dass Sie sich f\u00fcr mich interessieren!<\/p>\n<p>Nat\u00fcrlich werde ich Sie nicht entt\u00e4uschen und Ihnen ein warmer Begleiter sein. Sie k\u00f6nnen mich auf Ihrem Terrassentisch, im Garten, auf dem Campingplatz, im Park oder z.B. am See oder am Meer benutzen. Ich bin tragbar, du kannst mich also ganz einfach herumtragen. Man f\u00fcllt einfach eine F\u00fcllung Holzpellets in meine Brennerkammer und ich brenne etwa 1,5 Stunden lang. Aufgrund des Holzvergasungsprozesses in meinem Inneren hat mein Verbrennungsprozess einen extrem hohen Wirkungsgrad und wird daher eine wunderbare W\u00e4rme abgeben. Sollten Sie auch hungrig werden&#8230; Sie k\u00f6nnen eine Pfanne auf mich setzen, um eine k\u00f6stliche Leckerei zu backen. Und die Kinder m\u00fcssen es lieben, Marchmallows auf mir zu r\u00f6sten.<\/p>\n<p><strong>Meine Statistiken sind:<\/strong><\/p>\n<ul>\n<li>H\u00f6he (32 cm)<\/li>\n<li>Breite (19 cm)<\/li>\n<li>Gewicht (3 kg)<\/li>\n<li>Material (Gusseisen)<\/li>\n<\/ul>\n<p>Meine Nachf\u00fcllpackungen k\u00f6nnen <a href=\"https:\/\/www.ikipele.nl\/product\/navulling\/\" target=\"_blank\" rel=\"noopener\"><strong>hier<\/strong><\/a> bestellt werden.<\/p>\n","protected":false},"excerpt":{"rendered":"<p><strong>Ikipele RED-B\u00fcndel<\/strong><\/p>\n<ul>\n<li>1 x Ikipele RED<\/li>\n<li>6 x Nachf\u00fcllung<\/li>\n<li>1 x Griff (einschlie\u00dflich Flaschen\u00f6ffner)<\/li>\n<li>1 x Leder-Trageriemen<\/li>\n<li>1 x Ikipele-St\u00e4nder<\/li>\n<li>Der angegebene Preis enth\u00e4lt 21% MwSt.<\/li>\n<li>Der angegebene Preis beinhaltet nicht die Lieferkosten<\/li>\n<\/ul>\n","protected":false},"featured_media":423,"comment_status":"closed","ping_status":"closed","template":"","meta":[],"product_cat":[87],"product_tag":[65,75,67,68,69,64,71,73,72],"yoast_head":"<!-- This site is optimized with the Yoast SEO plugin v20.3 - https:\/\/yoast.com\/wordpress\/plugins\/seo\/ -->\n<title>IkiPele RED | IkiPele.nl | DE<\/title>\n<meta name=\"description\" content=\"Ikipele RED. Ich bin ein Terrassenofen und verbrenne mit Holzpellets. Ich bin tragbar und kann auf der Terrasse, im Garten, im Park oder z.b. am Meer verwendet werden\" \/>\n<meta name=\"robots\" content=\"index, follow, max-snippet:-1, max-image-preview:large, max-video-preview:-1\" \/>\n<link rel=\"canonical\" href=\"https:\/\/ikipele.nl\/de\/produkt\/ikipele-red-2\/\" \/>\n<meta property=\"og:locale\" content=\"de_DE\" \/>\n<meta property=\"og:type\" content=\"article\" \/>\n<meta property=\"og:title\" content=\"IkiPele RED | IkiPele.nl | DE\" \/>\n<meta property=\"og:description\" content=\"Ikipele RED. Ich bin ein Terrassenofen und verbrenne mit Holzpellets. Ich bin tragbar und kann auf der Terrasse, im Garten, im Park oder z.b. am Meer verwendet werden\" \/>\n<meta property=\"og:url\" content=\"https:\/\/ikipele.nl\/de\/produkt\/ikipele-red-2\/\" \/>\n<meta property=\"og:site_name\" content=\"IkiPele &#039;de kleine vulkaan&#039;\" \/>\n<meta property=\"article:modified_time\" content=\"2023-01-16T16:44:18+00:00\" \/>\n<meta property=\"og:image\" content=\"https:\/\/ikipele.nl\/wp-content\/uploads\/2021\/01\/IkiPele-bundel-rood-scaled.jpg\" \/>\n\t<meta property=\"og:image:width\" content=\"2560\" \/>\n\t<meta property=\"og:image:height\" content=\"2560\" \/>\n\t<meta property=\"og:image:type\" content=\"image\/jpeg\" \/>\n<meta name=\"twitter:card\" content=\"summary_large_image\" \/>\n<meta name=\"twitter:label1\" content=\"Gesch\u00e4tzte Lesezeit\" \/>\n\t<meta name=\"twitter:data1\" content=\"1 Minute\" \/>\n<script type=\"application\/ld+json\" class=\"yoast-schema-graph\">{\"@context\":\"https:\/\/schema.org\",\"@graph\":[{\"@type\":\"WebPage\",\"@id\":\"https:\/\/ikipele.nl\/de\/produkt\/ikipele-red-2\/\",\"url\":\"https:\/\/ikipele.nl\/de\/produkt\/ikipele-red-2\/\",\"name\":\"IkiPele RED | IkiPele.nl | DE\",\"isPartOf\":{\"@id\":\"https:\/\/ikipele.nl\/de\/#website\"},\"datePublished\":\"2021-01-04T10:37:58+00:00\",\"dateModified\":\"2023-01-16T16:44:18+00:00\",\"description\":\"Ikipele RED. Ich bin ein Terrassenofen und verbrenne mit Holzpellets. Ich bin tragbar und kann auf der Terrasse, im Garten, im Park oder z.b. am Meer verwendet werden\",\"breadcrumb\":{\"@id\":\"https:\/\/ikipele.nl\/de\/produkt\/ikipele-red-2\/#breadcrumb\"},\"inLanguage\":\"de-DE\",\"potentialAction\":[{\"@type\":\"ReadAction\",\"target\":[\"https:\/\/ikipele.nl\/de\/produkt\/ikipele-red-2\/\"]}]},{\"@type\":\"BreadcrumbList\",\"@id\":\"https:\/\/ikipele.nl\/de\/produkt\/ikipele-red-2\/#breadcrumb\",\"itemListElement\":[{\"@type\":\"ListItem\",\"position\":1,\"name\":\"Home\",\"item\":\"https:\/\/ikipele.nl\/de\/ikipele\/\"},{\"@type\":\"ListItem\",\"position\":2,\"name\":\"Ikipele RED\"}]},{\"@type\":\"WebSite\",\"@id\":\"https:\/\/ikipele.nl\/de\/#website\",\"url\":\"https:\/\/ikipele.nl\/de\/\",\"name\":\"IkiPele &#039;de kleine vulkaan&#039;\",\"description\":\"De draagbare buitenkachel op houtpellets\",\"publisher\":{\"@id\":\"https:\/\/ikipele.nl\/de\/#organization\"},\"potentialAction\":[{\"@type\":\"SearchAction\",\"target\":{\"@type\":\"EntryPoint\",\"urlTemplate\":\"https:\/\/ikipele.nl\/de\/?s={search_term_string}\"},\"query-input\":\"required name=search_term_string\"}],\"inLanguage\":\"de-DE\"},{\"@type\":\"Organization\",\"@id\":\"https:\/\/ikipele.nl\/de\/#organization\",\"name\":\"Ikipele.nl\",\"url\":\"https:\/\/ikipele.nl\/de\/\",\"logo\":{\"@type\":\"ImageObject\",\"inLanguage\":\"de-DE\",\"@id\":\"https:\/\/ikipele.nl\/de\/#\/schema\/logo\/image\/\",\"url\":\"https:\/\/www.ikipele.nl\/wp-content\/uploads\/2021\/01\/160705-Iki-Pele-logo-BLACK.png\",\"contentUrl\":\"https:\/\/www.ikipele.nl\/wp-content\/uploads\/2021\/01\/160705-Iki-Pele-logo-BLACK.png\",\"width\":785,\"height\":207,\"caption\":\"Ikipele.nl\"},\"image\":{\"@id\":\"https:\/\/ikipele.nl\/de\/#\/schema\/logo\/image\/\"}}]}<\/script>\n<!-- \/ Yoast SEO plugin. -->","yoast_head_json":{"title":"IkiPele RED | IkiPele.nl | DE","description":"Ikipele RED. Ich bin ein Terrassenofen und verbrenne mit Holzpellets. Ich bin tragbar und kann auf der Terrasse, im Garten, im Park oder z.b. am Meer verwendet werden","robots":{"index":"index","follow":"follow","max-snippet":"max-snippet:-1","max-image-preview":"max-image-preview:large","max-video-preview":"max-video-preview:-1"},"canonical":"https:\/\/ikipele.nl\/de\/produkt\/ikipele-red-2\/","og_locale":"de_DE","og_type":"article","og_title":"IkiPele RED | IkiPele.nl | DE","og_description":"Ikipele RED. Ich bin ein Terrassenofen und verbrenne mit Holzpellets. Ich bin tragbar und kann auf der Terrasse, im Garten, im Park oder z.b. am Meer verwendet werden","og_url":"https:\/\/ikipele.nl\/de\/produkt\/ikipele-red-2\/","og_site_name":"IkiPele &#039;de kleine vulkaan&#039;","article_modified_time":"2023-01-16T16:44:18+00:00","og_image":[{"width":2560,"height":2560,"url":"https:\/\/ikipele.nl\/wp-content\/uploads\/2021\/01\/IkiPele-bundel-rood-scaled.jpg","type":"image\/jpeg"}],"twitter_card":"summary_large_image","twitter_misc":{"Gesch\u00e4tzte Lesezeit":"1 Minute"},"schema":{"@context":"https:\/\/schema.org","@graph":[{"@type":"WebPage","@id":"https:\/\/ikipele.nl\/de\/produkt\/ikipele-red-2\/","url":"https:\/\/ikipele.nl\/de\/produkt\/ikipele-red-2\/","name":"IkiPele RED | IkiPele.nl | DE","isPartOf":{"@id":"https:\/\/ikipele.nl\/de\/#website"},"datePublished":"2021-01-04T10:37:58+00:00","dateModified":"2023-01-16T16:44:18+00:00","description":"Ikipele RED. Ich bin ein Terrassenofen und verbrenne mit Holzpellets. Ich bin tragbar und kann auf der Terrasse, im Garten, im Park oder z.b. am Meer verwendet werden","breadcrumb":{"@id":"https:\/\/ikipele.nl\/de\/produkt\/ikipele-red-2\/#breadcrumb"},"inLanguage":"de-DE","potentialAction":[{"@type":"ReadAction","target":["https:\/\/ikipele.nl\/de\/produkt\/ikipele-red-2\/"]}]},{"@type":"BreadcrumbList","@id":"https:\/\/ikipele.nl\/de\/produkt\/ikipele-red-2\/#breadcrumb","itemListElement":[{"@type":"ListItem","position":1,"name":"Home","item":"https:\/\/ikipele.nl\/de\/ikipele\/"},{"@type":"ListItem","position":2,"name":"Ikipele RED"}]},{"@type":"WebSite","@id":"https:\/\/ikipele.nl\/de\/#website","url":"https:\/\/ikipele.nl\/de\/","name":"IkiPele &#039;de kleine vulkaan&#039;","description":"De draagbare buitenkachel op houtpellets","publisher":{"@id":"https:\/\/ikipele.nl\/de\/#organization"},"potentialAction":[{"@type":"SearchAction","target":{"@type":"EntryPoint","urlTemplate":"https:\/\/ikipele.nl\/de\/?s={search_term_string}"},"query-input":"required name=search_term_string"}],"inLanguage":"de-DE"},{"@type":"Organization","@id":"https:\/\/ikipele.nl\/de\/#organization","name":"Ikipele.nl","url":"https:\/\/ikipele.nl\/de\/","logo":{"@type":"ImageObject","inLanguage":"de-DE","@id":"https:\/\/ikipele.nl\/de\/#\/schema\/logo\/image\/","url":"https:\/\/www.ikipele.nl\/wp-content\/uploads\/2021\/01\/160705-Iki-Pele-logo-BLACK.png","contentUrl":"https:\/\/www.ikipele.nl\/wp-content\/uploads\/2021\/01\/160705-Iki-Pele-logo-BLACK.png","width":785,"height":207,"caption":"Ikipele.nl"},"image":{"@id":"https:\/\/ikipele.nl\/de\/#\/schema\/logo\/image\/"}}]}},"_links":{"self":[{"href":"https:\/\/ikipele.nl\/de\/wp-json\/wp\/v2\/product\/779"}],"collection":[{"href":"https:\/\/ikipele.nl\/de\/wp-json\/wp\/v2\/product"}],"about":[{"href":"https:\/\/ikipele.nl\/de\/wp-json\/wp\/v2\/types\/product"}],"replies":[{"embeddable":true,"href":"https:\/\/ikipele.nl\/de\/wp-json\/wp\/v2\/comments?post=779"}],"wp:featuredmedia":[{"embeddable":true,"href":"https:\/\/ikipele.nl\/de\/wp-json\/wp\/v2\/media\/423"}],"wp:attachment":[{"href":"https:\/\/ikipele.nl\/de\/wp-json\/wp\/v2\/media?parent=779"}],"wp:term":[{"taxonomy":"product_cat","embeddable":true,"href":"https:\/\/ikipele.nl\/de\/wp-json\/wp\/v2\/product_cat?post=779"},{"taxonomy":"product_tag","embeddable":true,"href":"https:\/\/ikipele.nl\/de\/wp-json\/wp\/v2\/product_tag?post=779"}],"curies":[{"name":"wp","href":"https:\/\/api.w.org\/{rel}","templated":true}]}}