{"id":863,"date":"2022-10-26T08:13:40","date_gmt":"2022-10-26T08:13:40","guid":{"rendered":"https:\/\/ikipele.nl\/holzpellets\/"},"modified":"2022-12-19T10:34:01","modified_gmt":"2022-12-19T10:34:01","slug":"holzpellets","status":"publish","type":"page","link":"https:\/\/ikipele.nl\/de\/holzpellets\/","title":{"rendered":"Holzpellets"},"content":{"rendered":"\t\t<div data-elementor-type=\"wp-page\" data-elementor-id=\"863\" class=\"elementor elementor-863 elementor-686\">\n\t\t\t\t\t\t\t\t\t<section class=\"elementor-section elementor-top-section elementor-element elementor-element-53c8dc49 elementor-section-boxed elementor-section-height-default elementor-section-height-default\" data-id=\"53c8dc49\" data-element_type=\"section\">\n\t\t\t\t\t\t<div class=\"elementor-container elementor-column-gap-default\">\n\t\t\t\t\t<div class=\"elementor-column elementor-col-100 elementor-top-column elementor-element elementor-element-12779a3c\" data-id=\"12779a3c\" data-element_type=\"column\">\n\t\t\t<div class=\"elementor-widget-wrap elementor-element-populated\">\n\t\t\t\t\t\t\t\t<div class=\"elementor-element elementor-element-1037b457 elementor-widget elementor-widget-text-editor\" data-id=\"1037b457\" data-element_type=\"widget\" data-widget_type=\"text-editor.default\">\n\t\t\t\t<div class=\"elementor-widget-container\">\n\t\t\t<style>\/*! elementor - v3.11.5 - 14-03-2023 *\/\n.elementor-widget-text-editor.elementor-drop-cap-view-stacked .elementor-drop-cap{background-color:#818a91;color:#fff}.elementor-widget-text-editor.elementor-drop-cap-view-framed .elementor-drop-cap{color:#818a91;border:3px solid;background-color:transparent}.elementor-widget-text-editor:not(.elementor-drop-cap-view-default) .elementor-drop-cap{margin-top:8px}.elementor-widget-text-editor:not(.elementor-drop-cap-view-default) .elementor-drop-cap-letter{width:1em;height:1em}.elementor-widget-text-editor .elementor-drop-cap{float:left;text-align:center;line-height:1;font-size:50px}.elementor-widget-text-editor .elementor-drop-cap-letter{display:inline-block}<\/style>\t\t\t\t<p><img decoding=\"async\" loading=\"lazy\" class=\"size-medium wp-image-603 alignleft\" src=\"https:\/\/ikipele.nl\/wp-content\/uploads\/2022\/10\/170524-Refill-02-scaled-e1666720953728-300x300.jpg\" alt=\"IkiPele_Refill\" width=\"300\" height=\"300\" \/>Um das Beste aus <a href=\"https:\/\/ikipele.nl\/de\/willst-du-ein-date-mit-mir\/\">IkiPele<\/a> herauszuholen, haben wir f\u00fcr unsere Kunden die besten Holzpellets der Welt ausgew\u00e4hlt. Wir liefern mit dem IkiPele und in unseren <a href=\"https:\/\/ikipele.nl\/de\/produkt\/nachfullung\/\">Nachf\u00fcllpackungen<\/a> sehr wei\u00dfe 100%ige Weichholzpellets. Sie werden feststellen, dass IkiPele mit unseren Pellets sehr sauber und effizient brennt.<\/p><p>\u00a0<\/p><p>Wir raten unseren Kunden daher, Nachf\u00fcllungen bei uns zu bestellen. Sie erhalten auch eine neue Brennerkammer mit einer Nachf\u00fcllung. So k\u00f6nnen Sie ihn weiterhin in vollen Z\u00fcgen genie\u00dfen und sich an lauen Sommerabenden oder bei winterlichen Grillpartys jahrelang an Ihrem warmen Begleiter erfreuen.<\/p><p>\u00a0<\/p><p><strong>Aber was genau ist ein Holzpellet? <\/strong><\/p><p>Ein Holzpellet ist ein aus S\u00e4gesp\u00e4nen gepresster Stab von etwa 6 mm Dicke. Durch den extremen Druck beim Pressen entsteht eine sehr gleichm\u00e4\u00dfige Form, die es erm\u00f6glicht, Holzpellets mit extrem hoher Effizienz zu verbrennen.<\/p><p>\u00a0<\/p><p><strong>EN+A1 Zertifizierung<\/strong><\/p><p>Seit 2010 hat die Europ\u00e4ische Kommission eine neue Norm eingef\u00fchrt, um die Qualit\u00e4t von Holzpellets zu gew\u00e4hrleisten. Die EN+A1-Zertifizierung gibt die Herkunft der Rohstoffe an. Dies garantiert die Qualit\u00e4t der Holzpellets, und das Siegel umfasst auch den Nachweis, dass das Holz sauber, unbehandelt und aus kontrolliertem Einschlag ist.<\/p><p>\u00a0<\/p><p>Deshalb liefern wir bei IkiPele und in unseren Nachf\u00fcllbeh\u00e4ltern stets EN+A1-zertifizierte Holzpellets.<\/p>\t\t\t\t\t\t<\/div>\n\t\t\t\t<\/div>\n\t\t\t\t\t<\/div>\n\t\t<\/div>\n\t\t\t\t\t\t\t<\/div>\n\t\t<\/section>\n\t\t\t\t<section class=\"elementor-section elementor-top-section elementor-element elementor-element-5b3249b elementor-section-boxed elementor-section-height-default elementor-section-height-default\" data-id=\"5b3249b\" data-element_type=\"section\">\n\t\t\t\t\t\t<div class=\"elementor-container elementor-column-gap-default\">\n\t\t\t\t\t<div class=\"elementor-column elementor-col-100 elementor-top-column elementor-element elementor-element-ede6519\" data-id=\"ede6519\" data-element_type=\"column\">\n\t\t\t<div class=\"elementor-widget-wrap elementor-element-populated\">\n\t\t\t\t\t\t\t\t<div class=\"elementor-element elementor-element-54f9e2d elementor-widget elementor-widget-video\" data-id=\"54f9e2d\" data-element_type=\"widget\" data-settings=\"{&quot;youtube_url&quot;:&quot;https:\\\/\\\/youtu.be\\\/jHoqyedzqB4&quot;,&quot;video_type&quot;:&quot;youtube&quot;,&quot;controls&quot;:&quot;yes&quot;}\" data-widget_type=\"video.default\">\n\t\t\t\t<div class=\"elementor-widget-container\">\n\t\t\t<style>\/*! elementor - v3.11.5 - 14-03-2023 *\/\n.elementor-widget-video .elementor-widget-container{overflow:hidden;transform:translateZ(0)}.elementor-widget-video .elementor-wrapper iframe,.elementor-widget-video .elementor-wrapper video{height:100%;width:100%;display:flex;border:none;background-color:#000}.elementor-widget-video .elementor-open-inline .elementor-custom-embed-image-overlay{position:absolute;top:0;left:0;width:100%;height:100%;background-size:cover;background-position:50%}.elementor-widget-video .elementor-custom-embed-image-overlay{cursor:pointer;text-align:center}.elementor-widget-video .elementor-custom-embed-image-overlay:hover .elementor-custom-embed-play i{opacity:1}.elementor-widget-video .elementor-custom-embed-image-overlay img{display:block;width:100%}.elementor-widget-video .e-hosted-video .elementor-video{-o-object-fit:cover;object-fit:cover}.e-con-inner>.elementor-widget-video,.e-con>.elementor-widget-video{width:var(--container-widget-width);--flex-grow:var(--container-widget-flex-grow)}<\/style>\t\t<div class=\"elementor-wrapper elementor-open-inline\">\n\t\t\t<div class=\"elementor-video\"><\/div>\t\t<\/div>\n\t\t\t\t<\/div>\n\t\t\t\t<\/div>\n\t\t\t\t\t<\/div>\n\t\t<\/div>\n\t\t\t\t\t\t\t<\/div>\n\t\t<\/section>\n\t\t\t\t\t\t\t<\/div>\n\t\t","protected":false},"excerpt":{"rendered":"<p>Um das Beste aus IkiPele herauszuholen, haben wir f\u00fcr unsere Kunden die besten Holzpellets der Welt ausgew\u00e4hlt. Wir liefern mit dem IkiPele und in unseren Nachf\u00fcllpackungen sehr wei\u00dfe 100%ige Weichholzpellets. Sie werden feststellen, dass IkiPele mit unseren Pellets sehr sauber und effizient brennt. \u00a0 Wir raten unseren Kunden daher, Nachf\u00fcllungen bei uns zu bestellen. Sie [&hellip;]<\/p>\n","protected":false},"author":1,"featured_media":0,"parent":0,"menu_order":0,"comment_status":"closed","ping_status":"closed","template":"","meta":[],"yoast_head":"<!-- This site is optimized with the Yoast SEO plugin v20.3 - https:\/\/yoast.com\/wordpress\/plugins\/seo\/ -->\n<title>Holzpellets | Ikipele.nl<\/title>\n<meta name=\"description\" content=\"Hier finden Sie alle Informationen zu den speziell ausgew\u00e4hlten Holzpellets, die wir f\u00fcr Ikipele empfehlen. Wir verwenden ausschlie\u00dflich Weichholzpellets.\" \/>\n<meta name=\"robots\" content=\"index, follow, max-snippet:-1, max-image-preview:large, max-video-preview:-1\" \/>\n<link rel=\"canonical\" href=\"https:\/\/ikipele.nl\/de\/holzpellets\/\" \/>\n<meta property=\"og:locale\" content=\"de_DE\" \/>\n<meta property=\"og:type\" content=\"article\" \/>\n<meta property=\"og:title\" content=\"Holzpellets | Ikipele.nl\" \/>\n<meta property=\"og:description\" content=\"Hier finden Sie alle Informationen zu den speziell ausgew\u00e4hlten Holzpellets, die wir f\u00fcr Ikipele empfehlen. Wir verwenden ausschlie\u00dflich Weichholzpellets.\" \/>\n<meta property=\"og:url\" content=\"https:\/\/ikipele.nl\/de\/holzpellets\/\" \/>\n<meta property=\"og:site_name\" content=\"IkiPele &#039;de kleine vulkaan&#039;\" \/>\n<meta property=\"article:modified_time\" content=\"2022-12-19T10:34:01+00:00\" \/>\n<meta property=\"og:image\" content=\"https:\/\/ikipele.nl\/wp-content\/uploads\/2022\/10\/170524-Refill-02-scaled-e1666720953728-300x300.jpg\" \/>\n<meta name=\"twitter:card\" content=\"summary_large_image\" \/>\n<meta name=\"twitter:label1\" content=\"Gesch\u00e4tzte Lesezeit\" \/>\n\t<meta name=\"twitter:data1\" content=\"2 Minuten\" \/>\n<script type=\"application\/ld+json\" class=\"yoast-schema-graph\">{\"@context\":\"https:\/\/schema.org\",\"@graph\":[{\"@type\":\"WebPage\",\"@id\":\"https:\/\/ikipele.nl\/de\/holzpellets\/\",\"url\":\"https:\/\/ikipele.nl\/de\/holzpellets\/\",\"name\":\"Holzpellets | Ikipele.nl\",\"isPartOf\":{\"@id\":\"https:\/\/ikipele.nl\/de\/#website\"},\"datePublished\":\"2022-10-26T08:13:40+00:00\",\"dateModified\":\"2022-12-19T10:34:01+00:00\",\"description\":\"Hier finden Sie alle Informationen zu den speziell ausgew\u00e4hlten Holzpellets, die wir f\u00fcr Ikipele empfehlen. Wir verwenden ausschlie\u00dflich Weichholzpellets.\",\"breadcrumb\":{\"@id\":\"https:\/\/ikipele.nl\/de\/holzpellets\/#breadcrumb\"},\"inLanguage\":\"de-DE\",\"potentialAction\":[{\"@type\":\"ReadAction\",\"target\":[\"https:\/\/ikipele.nl\/de\/holzpellets\/\"]}]},{\"@type\":\"BreadcrumbList\",\"@id\":\"https:\/\/ikipele.nl\/de\/holzpellets\/#breadcrumb\",\"itemListElement\":[{\"@type\":\"ListItem\",\"position\":1,\"name\":\"Home\",\"item\":\"https:\/\/ikipele.nl\/de\/ikipele\/\"},{\"@type\":\"ListItem\",\"position\":2,\"name\":\"Holzpellets\"}]},{\"@type\":\"WebSite\",\"@id\":\"https:\/\/ikipele.nl\/de\/#website\",\"url\":\"https:\/\/ikipele.nl\/de\/\",\"name\":\"IkiPele &#039;de kleine vulkaan&#039;\",\"description\":\"De draagbare buitenkachel op houtpellets\",\"publisher\":{\"@id\":\"https:\/\/ikipele.nl\/de\/#organization\"},\"potentialAction\":[{\"@type\":\"SearchAction\",\"target\":{\"@type\":\"EntryPoint\",\"urlTemplate\":\"https:\/\/ikipele.nl\/de\/?s={search_term_string}\"},\"query-input\":\"required name=search_term_string\"}],\"inLanguage\":\"de-DE\"},{\"@type\":\"Organization\",\"@id\":\"https:\/\/ikipele.nl\/de\/#organization\",\"name\":\"Ikipele.nl\",\"url\":\"https:\/\/ikipele.nl\/de\/\",\"logo\":{\"@type\":\"ImageObject\",\"inLanguage\":\"de-DE\",\"@id\":\"https:\/\/ikipele.nl\/de\/#\/schema\/logo\/image\/\",\"url\":\"https:\/\/www.ikipele.nl\/wp-content\/uploads\/2021\/01\/160705-Iki-Pele-logo-BLACK.png\",\"contentUrl\":\"https:\/\/www.ikipele.nl\/wp-content\/uploads\/2021\/01\/160705-Iki-Pele-logo-BLACK.png\",\"width\":785,\"height\":207,\"caption\":\"Ikipele.nl\"},\"image\":{\"@id\":\"https:\/\/ikipele.nl\/de\/#\/schema\/logo\/image\/\"}}]}<\/script>\n<!-- \/ Yoast SEO plugin. -->","yoast_head_json":{"title":"Holzpellets | Ikipele.nl","description":"Hier finden Sie alle Informationen zu den speziell ausgew\u00e4hlten Holzpellets, die wir f\u00fcr Ikipele empfehlen. Wir verwenden ausschlie\u00dflich Weichholzpellets.","robots":{"index":"index","follow":"follow","max-snippet":"max-snippet:-1","max-image-preview":"max-image-preview:large","max-video-preview":"max-video-preview:-1"},"canonical":"https:\/\/ikipele.nl\/de\/holzpellets\/","og_locale":"de_DE","og_type":"article","og_title":"Holzpellets | Ikipele.nl","og_description":"Hier finden Sie alle Informationen zu den speziell ausgew\u00e4hlten Holzpellets, die wir f\u00fcr Ikipele empfehlen. Wir verwenden ausschlie\u00dflich Weichholzpellets.","og_url":"https:\/\/ikipele.nl\/de\/holzpellets\/","og_site_name":"IkiPele &#039;de kleine vulkaan&#039;","article_modified_time":"2022-12-19T10:34:01+00:00","og_image":[{"url":"https:\/\/ikipele.nl\/wp-content\/uploads\/2022\/10\/170524-Refill-02-scaled-e1666720953728-300x300.jpg"}],"twitter_card":"summary_large_image","twitter_misc":{"Gesch\u00e4tzte Lesezeit":"2 Minuten"},"schema":{"@context":"https:\/\/schema.org","@graph":[{"@type":"WebPage","@id":"https:\/\/ikipele.nl\/de\/holzpellets\/","url":"https:\/\/ikipele.nl\/de\/holzpellets\/","name":"Holzpellets | Ikipele.nl","isPartOf":{"@id":"https:\/\/ikipele.nl\/de\/#website"},"datePublished":"2022-10-26T08:13:40+00:00","dateModified":"2022-12-19T10:34:01+00:00","description":"Hier finden Sie alle Informationen zu den speziell ausgew\u00e4hlten Holzpellets, die wir f\u00fcr Ikipele empfehlen. Wir verwenden ausschlie\u00dflich Weichholzpellets.","breadcrumb":{"@id":"https:\/\/ikipele.nl\/de\/holzpellets\/#breadcrumb"},"inLanguage":"de-DE","potentialAction":[{"@type":"ReadAction","target":["https:\/\/ikipele.nl\/de\/holzpellets\/"]}]},{"@type":"BreadcrumbList","@id":"https:\/\/ikipele.nl\/de\/holzpellets\/#breadcrumb","itemListElement":[{"@type":"ListItem","position":1,"name":"Home","item":"https:\/\/ikipele.nl\/de\/ikipele\/"},{"@type":"ListItem","position":2,"name":"Holzpellets"}]},{"@type":"WebSite","@id":"https:\/\/ikipele.nl\/de\/#website","url":"https:\/\/ikipele.nl\/de\/","name":"IkiPele &#039;de kleine vulkaan&#039;","description":"De draagbare buitenkachel op houtpellets","publisher":{"@id":"https:\/\/ikipele.nl\/de\/#organization"},"potentialAction":[{"@type":"SearchAction","target":{"@type":"EntryPoint","urlTemplate":"https:\/\/ikipele.nl\/de\/?s={search_term_string}"},"query-input":"required name=search_term_string"}],"inLanguage":"de-DE"},{"@type":"Organization","@id":"https:\/\/ikipele.nl\/de\/#organization","name":"Ikipele.nl","url":"https:\/\/ikipele.nl\/de\/","logo":{"@type":"ImageObject","inLanguage":"de-DE","@id":"https:\/\/ikipele.nl\/de\/#\/schema\/logo\/image\/","url":"https:\/\/www.ikipele.nl\/wp-content\/uploads\/2021\/01\/160705-Iki-Pele-logo-BLACK.png","contentUrl":"https:\/\/www.ikipele.nl\/wp-content\/uploads\/2021\/01\/160705-Iki-Pele-logo-BLACK.png","width":785,"height":207,"caption":"Ikipele.nl"},"image":{"@id":"https:\/\/ikipele.nl\/de\/#\/schema\/logo\/image\/"}}]}},"_links":{"self":[{"href":"https:\/\/ikipele.nl\/de\/wp-json\/wp\/v2\/pages\/863"}],"collection":[{"href":"https:\/\/ikipele.nl\/de\/wp-json\/wp\/v2\/pages"}],"about":[{"href":"https:\/\/ikipele.nl\/de\/wp-json\/wp\/v2\/types\/page"}],"author":[{"embeddable":true,"href":"https:\/\/ikipele.nl\/de\/wp-json\/wp\/v2\/users\/1"}],"replies":[{"embeddable":true,"href":"https:\/\/ikipele.nl\/de\/wp-json\/wp\/v2\/comments?post=863"}],"version-history":[{"count":7,"href":"https:\/\/ikipele.nl\/de\/wp-json\/wp\/v2\/pages\/863\/revisions"}],"predecessor-version":[{"id":1157,"href":"https:\/\/ikipele.nl\/de\/wp-json\/wp\/v2\/pages\/863\/revisions\/1157"}],"wp:attachment":[{"href":"https:\/\/ikipele.nl\/de\/wp-json\/wp\/v2\/media?parent=863"}],"curies":[{"name":"wp","href":"https:\/\/api.w.org\/{rel}","templated":true}]}}